{"id":604,"date":"2022-11-22T12:47:36","date_gmt":"2022-11-22T17:47:36","guid":{"rendered":"https:\/\/lah.dannycote.com\/our-company\/history\/"},"modified":"2022-11-22T20:44:19","modified_gmt":"2022-11-23T01:44:19","slug":"history","status":"publish","type":"page","link":"https:\/\/lahebert.ca\/en\/our-company\/history\/","title":{"rendered":"History"},"content":{"rendered":"<p>[et_pb_section fb_built=&#8221;1&#8243; _builder_version=&#8221;4.18.0&#8243; _module_preset=&#8221;default&#8221; background_color=&#8221;RGBA(255,255,255,0)&#8221; custom_margin=&#8221;||||false|false&#8221; custom_padding=&#8221;0px||0px||false|false&#8221; global_colors_info=&#8221;{}&#8221;][et_pb_row _builder_version=&#8221;4.18.0&#8243; _module_preset=&#8221;default&#8221; custom_padding=&#8221;0px||0px||false|false&#8221; global_colors_info=&#8221;{}&#8221;][et_pb_column type=&#8221;4_4&#8243; _builder_version=&#8221;4.18.0&#8243; _module_preset=&#8221;default&#8221; global_colors_info=&#8221;{}&#8221;][et_pb_image src=&#8221;http:\/\/lahebert.ca\/wp-content\/uploads\/2022\/11\/historique.jpg&#8221; alt=&#8221;Mass Excavation&#8221; title_text=&#8221;History&#8221; _builder_version=&#8221;4.18.0&#8243; _module_preset=&#8221;default&#8221; global_colors_info=&#8221;{}&#8221;][\/et_pb_image][\/et_pb_column][\/et_pb_row][et_pb_row column_structure=&#8221;2_3,1_3&#8243; _builder_version=&#8221;4.18.0&#8243; _module_preset=&#8221;default&#8221; use_background_color_gradient=&#8221;on&#8221; background_color_gradient_stops=&#8221;#c8d7dc 0%|#f3f4f6 99%&#8221; global_colors_info=&#8221;{}&#8221;][et_pb_column type=&#8221;2_3&#8243; _builder_version=&#8221;4.18.0&#8243; _module_preset=&#8221;default&#8221; custom_padding=&#8221;|20px||20px|false|true&#8221; global_colors_info=&#8221;{}&#8221;][dipl_breadcrumb breadcrumb_layout=&#8221;layout2&#8243; separator_text=&#8221;\u00bb&#8221; separator_color=&#8221;#88746a&#8221; use_home_link_custom_text=&#8221;on&#8221; home_link_text=&#8221;Accueil&#8221; _builder_version=&#8221;4.18.0&#8243; _module_preset=&#8221;default&#8221; global_colors_info=&#8221;{}&#8221;][\/dipl_breadcrumb][et_pb_text _builder_version=&#8221;4.18.0&#8243; _module_preset=&#8221;default&#8221; hover_enabled=&#8221;0&#8243; global_colors_info=&#8221;{}&#8221; sticky_enabled=&#8221;0&#8243;]<\/p>\n<h1>History<\/h1>\n<h4>L.A. H\u00e9bert: the story of a family business that became an industry leader.<\/h4>\n<p>When it was founded in 1966 by Louis-Andr\u00e9 H\u00e9bert, the company had only three employees. At that time, L.A. H\u00e9bert offered snow removal services and small excavation projects.<\/p>\n<p>In 1971, with the arrival of Denis H\u00e9bert, son of the founder and a civil engineer, the transformation of the company began. &nbsp;Jean-Luc, another son of the founder, joined the team in 1978.<\/p>\n<p>Gradually, the company added expertise in civil engineering to its initial service offering.  The creative vision of the founder allowed the company to evolve with the needs of customers, whether private or public sector.<\/p>\n<p>Many key people joined the team over the years, as it changed from a small family company to an SME, eventually becoming a leading company in its field.<\/p>\n<p>Today L.A. H\u00e9bert proudly employs a team of more than 200 employees, inspired by a <a href=\"https:\/\/lahebert.ca\/en\/our-company\/customer-focus\/\" title=\"Customer focus: harmonious and durable relationship with our business partners\">customer focus<\/a> which continues to drive the company to new heights.<\/p>\n<p>[\/et_pb_text][\/et_pb_column][et_pb_column type=&#8221;1_3&#8243; _builder_version=&#8221;4.18.0&#8243; _module_preset=&#8221;default&#8221; custom_padding=&#8221;|20px||20px|false|true&#8221; global_colors_info=&#8221;{}&#8221;][et_pb_gallery gallery_ids=&#8221;429,430,428&#8243; posts_number=&#8221;3&#8243; show_title_and_caption=&#8221;off&#8221; show_pagination=&#8221;off&#8221; zoom_icon_color=&#8221;#ab041c&#8221; hover_overlay_color=&#8221;rgba(255,255,255,0.51)&#8221; hover_icon=&#8221;&#xf00e;||fa||900&#8243; _builder_version=&#8221;4.18.0&#8243; _module_preset=&#8221;default&#8221; module_alignment=&#8221;center&#8221; custom_margin=&#8221;||||false|false&#8221; custom_padding=&#8221;||||false|false&#8221; custom_css_gallery_item=&#8221;margin: 0 0 15px !important;&#8221; custom_css_gallery_item_caption=&#8221;display: none;&#8221; border_width_all_image=&#8221;5px&#8221; border_color_all_image=&#8221;#FFFFFF&#8221; global_colors_info=&#8221;{}&#8221; custom_css_gallery_item_last_edited=&#8221;on|tablet&#8221; custom_css_gallery_item_phone=&#8221;margin: 10px 0;&#8221; custom_css_gallery_item_tablet=&#8221;margin: 0 0 15px 15px !important;&#8221;][\/et_pb_gallery][\/et_pb_column][\/et_pb_row][\/et_pb_section]<\/p>\n","protected":false},"excerpt":{"rendered":"<p><div class=\"et_pb_module dipl_breadcrumb dipl_breadcrumb_0\">\n\t\t\t\t\n\t\t\t\t\n\t\t\t\t\n\t\t\t\t\n\t\t\t\t\n\t\t\t\t\n\t\t\t\t<div class=\"et_pb_module_inner\">\n\t\t\t\t\t<div class=\"dipl-breadcrumb-wrapper layout2\">\n\t\t\t\t\t\t\t\t<ol class=\"dipl-breadcrumb-inner\" vocab=\"https:\/\/schema.org\/\" typeof=\"BreadcrumbList\">\n\t\t\t\t\t\t\t\t\t<li property=\"itemListElement\" typeof=\"ListItem\" data-icon=\"&#x24;\">\n\t\t\t\t\t\t\t\t\t\t\t\t\t    <a class=\"breadcrumb-item dipl-home-page\" href=\"https:\/\/lahebert.ca\/en\/\" property=\"item\" typeof=\"WebPage\" >\n\t\t\t\t\t\t\t\t\t\t\t\t\t      \t<span class=\"breadcrumb-page\" property=\"name\">Accueil<\/span>\n\t\t\t\t\t\t\t\t\t\t\t\t\t    <\/a>\n\t\t\t\t\t\t\t\t\t\t\t\t\t    <meta property=\"position\" content=\"1\" \/>\n\t\t\t\t\t\t\t\t\t\t\t\t\t<\/li>\n\t\t\t\t\t\t\t\t<\/ol>\n\t\t\t\t\t\t\t<\/div>\n\t\t\t\t<\/div>\n\t\t\t<\/div>History L.A. H\u00e9bert: the story of a family business that became an industry leader. When it was founded in 1966 by Louis-Andr\u00e9 H\u00e9bert, the company had only three employees. At that time, L.A. H\u00e9bert offered snow removal services and small excavation projects. In 1971, with the arrival [&hellip;]<\/p>\n","protected":false},"author":1,"featured_media":0,"parent":601,"menu_order":1,"comment_status":"closed","ping_status":"closed","template":"","meta":{"_et_pb_use_builder":"on","_et_pb_old_content":"","_et_gb_content_width":"","footnotes":""},"class_list":["post-604","page","type-page","status-publish","hentry"],"yoast_head":"<!-- This site is optimized with the Yoast SEO plugin v26.7 - https:\/\/yoast.com\/wordpress\/plugins\/seo\/ -->\r\n<title>History - L.A. H\u00e9bert<\/title>\r\n<meta name=\"robots\" content=\"index, follow, max-snippet:-1, max-image-preview:large, max-video-preview:-1\" \/>\r\n<link rel=\"canonical\" href=\"https:\/\/lahebert.ca\/en\/our-company\/history\/\" \/>\r\n<meta property=\"og:locale\" content=\"en_US\" \/>\r\n<meta property=\"og:type\" content=\"article\" \/>\r\n<meta property=\"og:title\" content=\"History - L.A. H\u00e9bert\" \/>\r\n<meta property=\"og:description\" content=\"History L.A. H\u00e9bert: the story of a family business that became an industry leader. When it was founded in 1966 by Louis-Andr\u00e9 H\u00e9bert, the company had only three employees. At that time, L.A. H\u00e9bert offered snow removal services and small excavation projects. In 1971, with the arrival [&hellip;]\" \/>\r\n<meta property=\"og:url\" content=\"https:\/\/lahebert.ca\/en\/our-company\/history\/\" \/>\r\n<meta property=\"og:site_name\" content=\"L.A. H\u00e9bert\" \/>\r\n<meta property=\"article:publisher\" content=\"https:\/\/www.facebook.com\/LAHEBERT.LTEE\/\" \/>\r\n<meta property=\"article:modified_time\" content=\"2022-11-23T01:44:19+00:00\" \/>\r\n<meta name=\"twitter:card\" content=\"summary_large_image\" \/>\r\n<meta name=\"twitter:label1\" content=\"Est. reading time\" \/>\n\t<meta name=\"twitter:data1\" content=\"2 minutes\" \/>\r\n<script type=\"application\/ld+json\" class=\"yoast-schema-graph\">{\"@context\":\"https:\/\/schema.org\",\"@graph\":[{\"@type\":\"WebPage\",\"@id\":\"https:\/\/lahebert.ca\/en\/our-company\/history\/\",\"url\":\"https:\/\/lahebert.ca\/en\/our-company\/history\/\",\"name\":\"History - L.A. H\u00e9bert\",\"isPartOf\":{\"@id\":\"https:\/\/lahebert.ca\/en\/#website\"},\"datePublished\":\"2022-11-22T17:47:36+00:00\",\"dateModified\":\"2022-11-23T01:44:19+00:00\",\"breadcrumb\":{\"@id\":\"https:\/\/lahebert.ca\/en\/our-company\/history\/#breadcrumb\"},\"inLanguage\":\"en-US\",\"potentialAction\":[{\"@type\":\"ReadAction\",\"target\":[\"https:\/\/lahebert.ca\/en\/our-company\/history\/\"]}]},{\"@type\":\"BreadcrumbList\",\"@id\":\"https:\/\/lahebert.ca\/en\/our-company\/history\/#breadcrumb\",\"itemListElement\":[{\"@type\":\"ListItem\",\"position\":1,\"name\":\"Accueil\",\"item\":\"https:\/\/lahebert.ca\/en\/\"},{\"@type\":\"ListItem\",\"position\":2,\"name\":\"Our Company\",\"item\":\"https:\/\/lahebert.ca\/en\/our-company\/\"},{\"@type\":\"ListItem\",\"position\":3,\"name\":\"History\"}]},{\"@type\":\"WebSite\",\"@id\":\"https:\/\/lahebert.ca\/en\/#website\",\"url\":\"https:\/\/lahebert.ca\/en\/\",\"name\":\"L.A. H\u00e9bert\",\"description\":\"G\u00e9nie civil\",\"publisher\":{\"@id\":\"https:\/\/lahebert.ca\/en\/#organization\"},\"potentialAction\":[{\"@type\":\"SearchAction\",\"target\":{\"@type\":\"EntryPoint\",\"urlTemplate\":\"https:\/\/lahebert.ca\/en\/?s={search_term_string}\"},\"query-input\":{\"@type\":\"PropertyValueSpecification\",\"valueRequired\":true,\"valueName\":\"search_term_string\"}}],\"inLanguage\":\"en-US\"},{\"@type\":\"Organization\",\"@id\":\"https:\/\/lahebert.ca\/en\/#organization\",\"name\":\"L.A. H\u00e9bert\",\"alternateName\":\"LAH\",\"url\":\"https:\/\/lahebert.ca\/en\/\",\"logo\":{\"@type\":\"ImageObject\",\"inLanguage\":\"en-US\",\"@id\":\"https:\/\/lahebert.ca\/en\/#\/schema\/logo\/image\/\",\"url\":\"https:\/\/lahebert.ca\/wp-content\/uploads\/2022\/12\/guest-300x300-1.png\",\"contentUrl\":\"https:\/\/lahebert.ca\/wp-content\/uploads\/2022\/12\/guest-300x300-1.png\",\"width\":448,\"height\":448,\"caption\":\"L.A. H\u00e9bert\"},\"image\":{\"@id\":\"https:\/\/lahebert.ca\/en\/#\/schema\/logo\/image\/\"},\"sameAs\":[\"https:\/\/www.facebook.com\/LAHEBERT.LTEE\/\",\"https:\/\/www.linkedin.com\/company\/l-a-h\u00e9bert-lt\u00e9e\/\"]}]}<\/script>\r\n<!-- \/ Yoast SEO plugin. -->","yoast_head_json":{"title":"History - L.A. H\u00e9bert","robots":{"index":"index","follow":"follow","max-snippet":"max-snippet:-1","max-image-preview":"max-image-preview:large","max-video-preview":"max-video-preview:-1"},"canonical":"https:\/\/lahebert.ca\/en\/our-company\/history\/","og_locale":"en_US","og_type":"article","og_title":"History - L.A. H\u00e9bert","og_description":"History L.A. H\u00e9bert: the story of a family business that became an industry leader. When it was founded in 1966 by Louis-Andr\u00e9 H\u00e9bert, the company had only three employees. At that time, L.A. H\u00e9bert offered snow removal services and small excavation projects. In 1971, with the arrival [&hellip;]","og_url":"https:\/\/lahebert.ca\/en\/our-company\/history\/","og_site_name":"L.A. H\u00e9bert","article_publisher":"https:\/\/www.facebook.com\/LAHEBERT.LTEE\/","article_modified_time":"2022-11-23T01:44:19+00:00","twitter_card":"summary_large_image","twitter_misc":{"Est. reading time":"2 minutes"},"schema":{"@context":"https:\/\/schema.org","@graph":[{"@type":"WebPage","@id":"https:\/\/lahebert.ca\/en\/our-company\/history\/","url":"https:\/\/lahebert.ca\/en\/our-company\/history\/","name":"History - L.A. H\u00e9bert","isPartOf":{"@id":"https:\/\/lahebert.ca\/en\/#website"},"datePublished":"2022-11-22T17:47:36+00:00","dateModified":"2022-11-23T01:44:19+00:00","breadcrumb":{"@id":"https:\/\/lahebert.ca\/en\/our-company\/history\/#breadcrumb"},"inLanguage":"en-US","potentialAction":[{"@type":"ReadAction","target":["https:\/\/lahebert.ca\/en\/our-company\/history\/"]}]},{"@type":"BreadcrumbList","@id":"https:\/\/lahebert.ca\/en\/our-company\/history\/#breadcrumb","itemListElement":[{"@type":"ListItem","position":1,"name":"Accueil","item":"https:\/\/lahebert.ca\/en\/"},{"@type":"ListItem","position":2,"name":"Our Company","item":"https:\/\/lahebert.ca\/en\/our-company\/"},{"@type":"ListItem","position":3,"name":"History"}]},{"@type":"WebSite","@id":"https:\/\/lahebert.ca\/en\/#website","url":"https:\/\/lahebert.ca\/en\/","name":"L.A. H\u00e9bert","description":"G\u00e9nie civil","publisher":{"@id":"https:\/\/lahebert.ca\/en\/#organization"},"potentialAction":[{"@type":"SearchAction","target":{"@type":"EntryPoint","urlTemplate":"https:\/\/lahebert.ca\/en\/?s={search_term_string}"},"query-input":{"@type":"PropertyValueSpecification","valueRequired":true,"valueName":"search_term_string"}}],"inLanguage":"en-US"},{"@type":"Organization","@id":"https:\/\/lahebert.ca\/en\/#organization","name":"L.A. H\u00e9bert","alternateName":"LAH","url":"https:\/\/lahebert.ca\/en\/","logo":{"@type":"ImageObject","inLanguage":"en-US","@id":"https:\/\/lahebert.ca\/en\/#\/schema\/logo\/image\/","url":"https:\/\/lahebert.ca\/wp-content\/uploads\/2022\/12\/guest-300x300-1.png","contentUrl":"https:\/\/lahebert.ca\/wp-content\/uploads\/2022\/12\/guest-300x300-1.png","width":448,"height":448,"caption":"L.A. H\u00e9bert"},"image":{"@id":"https:\/\/lahebert.ca\/en\/#\/schema\/logo\/image\/"},"sameAs":["https:\/\/www.facebook.com\/LAHEBERT.LTEE\/","https:\/\/www.linkedin.com\/company\/l-a-h\u00e9bert-lt\u00e9e\/"]}]}},"_links":{"self":[{"href":"https:\/\/lahebert.ca\/en\/wp-json\/wp\/v2\/pages\/604","targetHints":{"allow":["GET"]}}],"collection":[{"href":"https:\/\/lahebert.ca\/en\/wp-json\/wp\/v2\/pages"}],"about":[{"href":"https:\/\/lahebert.ca\/en\/wp-json\/wp\/v2\/types\/page"}],"author":[{"embeddable":true,"href":"https:\/\/lahebert.ca\/en\/wp-json\/wp\/v2\/users\/1"}],"replies":[{"embeddable":true,"href":"https:\/\/lahebert.ca\/en\/wp-json\/wp\/v2\/comments?post=604"}],"version-history":[{"count":3,"href":"https:\/\/lahebert.ca\/en\/wp-json\/wp\/v2\/pages\/604\/revisions"}],"predecessor-version":[{"id":607,"href":"https:\/\/lahebert.ca\/en\/wp-json\/wp\/v2\/pages\/604\/revisions\/607"}],"up":[{"embeddable":true,"href":"https:\/\/lahebert.ca\/en\/wp-json\/wp\/v2\/pages\/601"}],"wp:attachment":[{"href":"https:\/\/lahebert.ca\/en\/wp-json\/wp\/v2\/media?parent=604"}],"curies":[{"name":"wp","href":"https:\/\/api.w.org\/{rel}","templated":true}]}}