{"id":620,"date":"2022-11-22T13:00:51","date_gmt":"2022-11-22T18:00:51","guid":{"rendered":"https:\/\/lah.dannycote.com\/contact\/"},"modified":"2022-11-22T21:18:48","modified_gmt":"2022-11-23T02:18:48","slug":"contact","status":"publish","type":"page","link":"https:\/\/lahebert.ca\/en\/contact\/","title":{"rendered":"Contact"},"content":{"rendered":"<p>[et_pb_section fb_built=&#8221;1&#8243; _builder_version=&#8221;4.18.0&#8243; _module_preset=&#8221;default&#8221; background_color=&#8221;RGBA(255,255,255,0)&#8221; custom_margin=&#8221;||||false|false&#8221; custom_padding=&#8221;0px||0px||false|false&#8221; global_colors_info=&#8221;{}&#8221;][et_pb_row _builder_version=&#8221;4.18.0&#8243; _module_preset=&#8221;default&#8221; custom_padding=&#8221;0px||0px||false|false&#8221; global_colors_info=&#8221;{}&#8221;][et_pb_column type=&#8221;4_4&#8243; _builder_version=&#8221;4.18.0&#8243; _module_preset=&#8221;default&#8221; global_colors_info=&#8221;{}&#8221;][et_pb_image src=&#8221;http:\/\/lahebert.ca\/wp-content\/uploads\/2022\/11\/contact.jpg&#8221; alt=&#8221;Mass Excavation&#8221; title_text=&#8221;Contact&#8221; _builder_version=&#8221;4.19.1&#8243; _module_preset=&#8221;default&#8221; hover_enabled=&#8221;0&#8243; global_colors_info=&#8221;{}&#8221; sticky_enabled=&#8221;0&#8243;][\/et_pb_image][\/et_pb_column][\/et_pb_row][et_pb_row column_structure=&#8221;2_3,1_3&#8243; _builder_version=&#8221;4.18.0&#8243; _module_preset=&#8221;default&#8221; use_background_color_gradient=&#8221;on&#8221; background_color_gradient_stops=&#8221;#c8d7dc 0%|#f3f4f6 99%&#8221; global_colors_info=&#8221;{}&#8221;][et_pb_column type=&#8221;2_3&#8243; _builder_version=&#8221;4.18.0&#8243; _module_preset=&#8221;default&#8221; custom_padding=&#8221;|20px||20px|false|true&#8221; global_colors_info=&#8221;{}&#8221;][dipl_breadcrumb breadcrumb_layout=&#8221;layout2&#8243; separator_text=&#8221;\u00bb&#8221; separator_color=&#8221;#88746a&#8221; use_home_link_custom_text=&#8221;on&#8221; home_link_text=&#8221;Accueil&#8221; _builder_version=&#8221;4.18.0&#8243; _module_preset=&#8221;default&#8221; global_colors_info=&#8221;{}&#8221;][\/dipl_breadcrumb][et_pb_text _builder_version=&#8221;4.18.0&#8243; _module_preset=&#8221;default&#8221; global_colors_info=&#8221;{}&#8221;]<\/p>\n<h1>Contact<\/h1>\n<h4>L.A. H\u00e9bert: the contact that makes all the difference.<\/h4>\n<p>At L.A. H\u00e9bert Lt\u00e9e, we believe it is important to establish a good business relationship with the first call. We are easy to reach, and available at any time to talk about your current and future projects.<\/p>\n<p>[\/et_pb_text][et_pb_code _builder_version=&#8221;4.19.1&#8243; _module_preset=&#8221;default&#8221; global_colors_info=&#8221;{}&#8221;]\n<div class=\"wpcf7 no-js\" id=\"wpcf7-f655-o1\" lang=\"en-US\" dir=\"ltr\" data-wpcf7-id=\"655\">\n<div class=\"screen-reader-response\"><p role=\"status\" aria-live=\"polite\" aria-atomic=\"true\"><\/p> <ul><\/ul><\/div>\n<form action=\"\/en\/wp-json\/wp\/v2\/pages\/620#wpcf7-f655-o1\" method=\"post\" class=\"wpcf7-form init\" aria-label=\"Contact form\" novalidate=\"novalidate\" data-status=\"init\">\n<fieldset class=\"hidden-fields-container\"><input type=\"hidden\" name=\"_wpcf7\" value=\"655\" \/><input type=\"hidden\" name=\"_wpcf7_version\" value=\"6.1.4\" \/><input type=\"hidden\" name=\"_wpcf7_locale\" value=\"en_US\" \/><input type=\"hidden\" name=\"_wpcf7_unit_tag\" value=\"wpcf7-f655-o1\" \/><input type=\"hidden\" name=\"_wpcf7_container_post\" value=\"0\" \/><input type=\"hidden\" name=\"_wpcf7_posted_data_hash\" value=\"\" \/><input type=\"hidden\" name=\"_wpcf7_recaptcha_response\" value=\"\" \/>\n<\/fieldset>\n<div class=\"\">\n\t<div class=\"et_pb_column et_pb_column_1_2 et_pb_column_3  et_pb_css_mix_blend_mode_passthrough\">\n\t\t<p><label> Votre nom<br \/>\n<span class=\"wpcf7-form-control-wrap\" data-name=\"nom\"><input size=\"40\" maxlength=\"400\" class=\"wpcf7-form-control wpcf7-text wpcf7-validates-as-required\" aria-required=\"true\" aria-invalid=\"false\" value=\"\" type=\"text\" name=\"nom\" \/><\/span> <\/label>\n\t\t<\/p>\n\t\t<p><label> Votre courriel*<br \/>\n<span class=\"wpcf7-form-control-wrap\" data-name=\"courriel\"><input size=\"40\" maxlength=\"400\" class=\"wpcf7-form-control wpcf7-email wpcf7-validates-as-required wpcf7-text wpcf7-validates-as-email\" aria-required=\"true\" aria-invalid=\"false\" value=\"\" type=\"email\" name=\"courriel\" \/><\/span> <\/label>\n\t\t<\/p>\n\t\t<p><label> Sujet*<br \/>\n<span class=\"wpcf7-form-control-wrap\" data-name=\"sujet\"><input size=\"40\" maxlength=\"400\" class=\"wpcf7-form-control wpcf7-text wpcf7-validates-as-required\" aria-required=\"true\" aria-invalid=\"false\" value=\"\" type=\"text\" name=\"sujet\" \/><\/span> <\/label>\n\t\t<\/p>\n\t\t<p><label> Message*<br \/>\n<span class=\"wpcf7-form-control-wrap\" data-name=\"message\"><textarea cols=\"40\" rows=\"10\" maxlength=\"2000\" class=\"wpcf7-form-control wpcf7-textarea wpcf7-validates-as-required\" aria-required=\"true\" aria-invalid=\"false\" name=\"message\"><\/textarea><\/span> <\/label>\n\t\t<\/p>\n\t\t<p><input class=\"wpcf7-form-control wpcf7-submit has-spinner\" type=\"submit\" value=\"Envoyer\" \/>\n\t\t<\/p>\n\t<\/div>\n\t<div class=\"et_pb_column et_pb_column_1_2 et_pb_column_4  et_pb_css_mix_blend_mode_passthrough et-last-child et_pb_column_empty\">\n\t\t<p><span>Si\u00e8ge social<\/span>:\n\t\t<\/p>\n\t\t<p>9700 Place Jade, Brossard,<br \/>\nQu\u00e9bec, J4Y 3C1\n\t\t<\/p>\n\t\t<p>T\u00e9l\u00e9phone : (450) 444-4847<br \/>\nT\u00e9l\u00e9copieur: (450) 444-3578\n\t\t<\/p>\n\t\t<p><a href=\"http:\/\/g.co\/maps\/hy6v\" target=\"_blank\" rel=\"noopener\">Voir la carte<\/a>\n\t\t<\/p>\n\t<\/div>\n<\/div><div class=\"wpcf7-response-output\" aria-hidden=\"true\"><\/div>\n<\/form>\n<\/div>\n[\/et_pb_code][\/et_pb_column][et_pb_column type=&#8221;1_3&#8243; _builder_version=&#8221;4.18.0&#8243; _module_preset=&#8221;default&#8221; custom_padding=&#8221;|20px||20px|false|true&#8221; global_colors_info=&#8221;{}&#8221;][et_pb_gallery gallery_ids=&#8221;442&#8243; posts_number=&#8221;3&#8243; show_title_and_caption=&#8221;off&#8221; show_pagination=&#8221;off&#8221; zoom_icon_color=&#8221;#ab041c&#8221; hover_overlay_color=&#8221;rgba(255,255,255,0.51)&#8221; hover_icon=&#8221;&#xf00e;||fa||900&#8243; _builder_version=&#8221;4.18.0&#8243; _module_preset=&#8221;default&#8221; module_alignment=&#8221;center&#8221; custom_margin=&#8221;||||false|false&#8221; custom_padding=&#8221;||||false|false&#8221; custom_css_gallery_item=&#8221;margin: 0 0 15px !important;&#8221; custom_css_gallery_item_caption=&#8221;display: none;&#8221; border_width_all_image=&#8221;5px&#8221; border_color_all_image=&#8221;#FFFFFF&#8221; global_colors_info=&#8221;{}&#8221; custom_css_gallery_item_last_edited=&#8221;on|tablet&#8221; custom_css_gallery_item_phone=&#8221;margin: 10px 0;&#8221; custom_css_gallery_item_tablet=&#8221;margin: 0 0 15px 15px !important;&#8221;][\/et_pb_gallery][\/et_pb_column][\/et_pb_row][\/et_pb_section]<\/p>\n","protected":false},"excerpt":{"rendered":"<p><div class=\"et_pb_module dipl_breadcrumb dipl_breadcrumb_0\">\n\t\t\t\t\n\t\t\t\t\n\t\t\t\t\n\t\t\t\t\n\t\t\t\t\n\t\t\t\t\n\t\t\t\t<div class=\"et_pb_module_inner\">\n\t\t\t\t\t<div class=\"dipl-breadcrumb-wrapper layout2\">\n\t\t\t\t\t\t\t\t<ol class=\"dipl-breadcrumb-inner\" vocab=\"https:\/\/schema.org\/\" typeof=\"BreadcrumbList\">\n\t\t\t\t\t\t\t\t\t<li property=\"itemListElement\" typeof=\"ListItem\" data-icon=\"&#x24;\">\n\t\t\t\t\t\t\t\t\t\t\t\t\t    <a class=\"breadcrumb-item dipl-home-page\" href=\"https:\/\/lahebert.ca\/en\/\" property=\"item\" typeof=\"WebPage\" >\n\t\t\t\t\t\t\t\t\t\t\t\t\t      \t<span class=\"breadcrumb-page\" property=\"name\">Accueil<\/span>\n\t\t\t\t\t\t\t\t\t\t\t\t\t    <\/a>\n\t\t\t\t\t\t\t\t\t\t\t\t\t    <meta property=\"position\" content=\"1\" \/>\n\t\t\t\t\t\t\t\t\t\t\t\t\t<\/li>\n\t\t\t\t\t\t\t\t<\/ol>\n\t\t\t\t\t\t\t<\/div>\n\t\t\t\t<\/div>\n\t\t\t<\/div>Contact L.A. H\u00e9bert: the contact that makes all the difference. At L.A. H\u00e9bert Lt\u00e9e, we believe it is important to establish a good business relationship with the first call. We are easy to reach, and available at any time to talk about your current and future projects.<p class=\"wpcf7-contact-form-not-found\"><strong>Error:<\/strong> Contact form not found.<\/p><\/p>\n","protected":false},"author":1,"featured_media":0,"parent":0,"menu_order":5,"comment_status":"closed","ping_status":"closed","template":"","meta":{"_et_pb_use_builder":"on","_et_pb_old_content":"","_et_gb_content_width":"","footnotes":""},"class_list":["post-620","page","type-page","status-publish","hentry"],"yoast_head":"<!-- This site is optimized with the Yoast SEO plugin v26.7 - https:\/\/yoast.com\/wordpress\/plugins\/seo\/ -->\r\n<title>Contact - L.A. H\u00e9bert<\/title>\r\n<meta name=\"robots\" content=\"index, follow, max-snippet:-1, max-image-preview:large, max-video-preview:-1\" \/>\r\n<link rel=\"canonical\" href=\"https:\/\/lahebert.ca\/en\/contact\/\" \/>\r\n<meta property=\"og:locale\" content=\"en_US\" \/>\r\n<meta property=\"og:type\" content=\"article\" \/>\r\n<meta property=\"og:title\" content=\"Contact - L.A. H\u00e9bert\" \/>\r\n<meta property=\"og:description\" content=\"Contact L.A. H\u00e9bert: the contact that makes all the difference. At L.A. H\u00e9bert Lt\u00e9e, we believe it is important to establish a good business relationship with the first call. We are easy to reach, and available at any time to talk about your current and future projects.\" \/>\r\n<meta property=\"og:url\" content=\"https:\/\/lahebert.ca\/en\/contact\/\" \/>\r\n<meta property=\"og:site_name\" content=\"L.A. H\u00e9bert\" \/>\r\n<meta property=\"article:publisher\" content=\"https:\/\/www.facebook.com\/LAHEBERT.LTEE\/\" \/>\r\n<meta property=\"article:modified_time\" content=\"2022-11-23T02:18:48+00:00\" \/>\r\n<meta name=\"twitter:card\" content=\"summary_large_image\" \/>\r\n<meta name=\"twitter:label1\" content=\"Est. reading time\" \/>\n\t<meta name=\"twitter:data1\" content=\"2 minutes\" \/>\r\n<script type=\"application\/ld+json\" class=\"yoast-schema-graph\">{\"@context\":\"https:\/\/schema.org\",\"@graph\":[{\"@type\":\"WebPage\",\"@id\":\"https:\/\/lahebert.ca\/en\/contact\/\",\"url\":\"https:\/\/lahebert.ca\/en\/contact\/\",\"name\":\"Contact - L.A. H\u00e9bert\",\"isPartOf\":{\"@id\":\"https:\/\/lahebert.ca\/en\/#website\"},\"datePublished\":\"2022-11-22T18:00:51+00:00\",\"dateModified\":\"2022-11-23T02:18:48+00:00\",\"breadcrumb\":{\"@id\":\"https:\/\/lahebert.ca\/en\/contact\/#breadcrumb\"},\"inLanguage\":\"en-US\",\"potentialAction\":[{\"@type\":\"ReadAction\",\"target\":[\"https:\/\/lahebert.ca\/en\/contact\/\"]}]},{\"@type\":\"BreadcrumbList\",\"@id\":\"https:\/\/lahebert.ca\/en\/contact\/#breadcrumb\",\"itemListElement\":[{\"@type\":\"ListItem\",\"position\":1,\"name\":\"Accueil\",\"item\":\"https:\/\/lahebert.ca\/en\/\"},{\"@type\":\"ListItem\",\"position\":2,\"name\":\"Contact\"}]},{\"@type\":\"WebSite\",\"@id\":\"https:\/\/lahebert.ca\/en\/#website\",\"url\":\"https:\/\/lahebert.ca\/en\/\",\"name\":\"L.A. H\u00e9bert\",\"description\":\"G\u00e9nie civil\",\"publisher\":{\"@id\":\"https:\/\/lahebert.ca\/en\/#organization\"},\"potentialAction\":[{\"@type\":\"SearchAction\",\"target\":{\"@type\":\"EntryPoint\",\"urlTemplate\":\"https:\/\/lahebert.ca\/en\/?s={search_term_string}\"},\"query-input\":{\"@type\":\"PropertyValueSpecification\",\"valueRequired\":true,\"valueName\":\"search_term_string\"}}],\"inLanguage\":\"en-US\"},{\"@type\":\"Organization\",\"@id\":\"https:\/\/lahebert.ca\/en\/#organization\",\"name\":\"L.A. H\u00e9bert\",\"alternateName\":\"LAH\",\"url\":\"https:\/\/lahebert.ca\/en\/\",\"logo\":{\"@type\":\"ImageObject\",\"inLanguage\":\"en-US\",\"@id\":\"https:\/\/lahebert.ca\/en\/#\/schema\/logo\/image\/\",\"url\":\"https:\/\/lahebert.ca\/wp-content\/uploads\/2022\/12\/guest-300x300-1.png\",\"contentUrl\":\"https:\/\/lahebert.ca\/wp-content\/uploads\/2022\/12\/guest-300x300-1.png\",\"width\":448,\"height\":448,\"caption\":\"L.A. H\u00e9bert\"},\"image\":{\"@id\":\"https:\/\/lahebert.ca\/en\/#\/schema\/logo\/image\/\"},\"sameAs\":[\"https:\/\/www.facebook.com\/LAHEBERT.LTEE\/\",\"https:\/\/www.linkedin.com\/company\/l-a-h\u00e9bert-lt\u00e9e\/\"]}]}<\/script>\r\n<!-- \/ Yoast SEO plugin. -->","yoast_head_json":{"title":"Contact - L.A. H\u00e9bert","robots":{"index":"index","follow":"follow","max-snippet":"max-snippet:-1","max-image-preview":"max-image-preview:large","max-video-preview":"max-video-preview:-1"},"canonical":"https:\/\/lahebert.ca\/en\/contact\/","og_locale":"en_US","og_type":"article","og_title":"Contact - L.A. H\u00e9bert","og_description":"Contact L.A. H\u00e9bert: the contact that makes all the difference. At L.A. H\u00e9bert Lt\u00e9e, we believe it is important to establish a good business relationship with the first call. We are easy to reach, and available at any time to talk about your current and future projects.","og_url":"https:\/\/lahebert.ca\/en\/contact\/","og_site_name":"L.A. H\u00e9bert","article_publisher":"https:\/\/www.facebook.com\/LAHEBERT.LTEE\/","article_modified_time":"2022-11-23T02:18:48+00:00","twitter_card":"summary_large_image","twitter_misc":{"Est. reading time":"2 minutes"},"schema":{"@context":"https:\/\/schema.org","@graph":[{"@type":"WebPage","@id":"https:\/\/lahebert.ca\/en\/contact\/","url":"https:\/\/lahebert.ca\/en\/contact\/","name":"Contact - L.A. H\u00e9bert","isPartOf":{"@id":"https:\/\/lahebert.ca\/en\/#website"},"datePublished":"2022-11-22T18:00:51+00:00","dateModified":"2022-11-23T02:18:48+00:00","breadcrumb":{"@id":"https:\/\/lahebert.ca\/en\/contact\/#breadcrumb"},"inLanguage":"en-US","potentialAction":[{"@type":"ReadAction","target":["https:\/\/lahebert.ca\/en\/contact\/"]}]},{"@type":"BreadcrumbList","@id":"https:\/\/lahebert.ca\/en\/contact\/#breadcrumb","itemListElement":[{"@type":"ListItem","position":1,"name":"Accueil","item":"https:\/\/lahebert.ca\/en\/"},{"@type":"ListItem","position":2,"name":"Contact"}]},{"@type":"WebSite","@id":"https:\/\/lahebert.ca\/en\/#website","url":"https:\/\/lahebert.ca\/en\/","name":"L.A. H\u00e9bert","description":"G\u00e9nie civil","publisher":{"@id":"https:\/\/lahebert.ca\/en\/#organization"},"potentialAction":[{"@type":"SearchAction","target":{"@type":"EntryPoint","urlTemplate":"https:\/\/lahebert.ca\/en\/?s={search_term_string}"},"query-input":{"@type":"PropertyValueSpecification","valueRequired":true,"valueName":"search_term_string"}}],"inLanguage":"en-US"},{"@type":"Organization","@id":"https:\/\/lahebert.ca\/en\/#organization","name":"L.A. H\u00e9bert","alternateName":"LAH","url":"https:\/\/lahebert.ca\/en\/","logo":{"@type":"ImageObject","inLanguage":"en-US","@id":"https:\/\/lahebert.ca\/en\/#\/schema\/logo\/image\/","url":"https:\/\/lahebert.ca\/wp-content\/uploads\/2022\/12\/guest-300x300-1.png","contentUrl":"https:\/\/lahebert.ca\/wp-content\/uploads\/2022\/12\/guest-300x300-1.png","width":448,"height":448,"caption":"L.A. H\u00e9bert"},"image":{"@id":"https:\/\/lahebert.ca\/en\/#\/schema\/logo\/image\/"},"sameAs":["https:\/\/www.facebook.com\/LAHEBERT.LTEE\/","https:\/\/www.linkedin.com\/company\/l-a-h\u00e9bert-lt\u00e9e\/"]}]}},"_links":{"self":[{"href":"https:\/\/lahebert.ca\/en\/wp-json\/wp\/v2\/pages\/620","targetHints":{"allow":["GET"]}}],"collection":[{"href":"https:\/\/lahebert.ca\/en\/wp-json\/wp\/v2\/pages"}],"about":[{"href":"https:\/\/lahebert.ca\/en\/wp-json\/wp\/v2\/types\/page"}],"author":[{"embeddable":true,"href":"https:\/\/lahebert.ca\/en\/wp-json\/wp\/v2\/users\/1"}],"replies":[{"embeddable":true,"href":"https:\/\/lahebert.ca\/en\/wp-json\/wp\/v2\/comments?post=620"}],"version-history":[{"count":5,"href":"https:\/\/lahebert.ca\/en\/wp-json\/wp\/v2\/pages\/620\/revisions"}],"predecessor-version":[{"id":656,"href":"https:\/\/lahebert.ca\/en\/wp-json\/wp\/v2\/pages\/620\/revisions\/656"}],"wp:attachment":[{"href":"https:\/\/lahebert.ca\/en\/wp-json\/wp\/v2\/media?parent=620"}],"curies":[{"name":"wp","href":"https:\/\/api.w.org\/{rel}","templated":true}]}}